{"id":79655,"date":"2023-04-05T17:12:10","date_gmt":"2023-04-05T15:12:10","guid":{"rendered":"https:\/\/www.amberscript.com\/?page_id=79655"},"modified":"2023-04-06T11:58:11","modified_gmt":"2023-04-06T09:58:11","slug":"explication-du-telechargement","status":"publish","type":"page","link":"https:\/\/www.amberscript.com\/fr\/explication-du-telechargement\/","title":{"rendered":"Choisissez le service qui vous convient"},"content":{"rendered":"<section class=\"block product-cards\">\n    <div class=\"grid-container\">\n        <div class=\"grid-x grid-margin-x grid-margin-y\" data-equalizer data-equalize-on-stack=\"true\">\n\n                            \n                        <div class=\"cell medium-12 large-6\">\n                            <article class=\"card product\n                                                        green-orange\n                                                        \" >\n                                <div class=\"header\">\n                                    <div class=\"shape \n\t\t\t\t\t\t\t\t\t\t\t\t\n\t\t\t\t\t\t\t\t\t\t\t\t\t\t\t\t\t\t\t\t\t\t\t                                    orange show-for-large\n                                    \"><\/div>\n\n                                    \t\t\t\t\t\t\t\t\t\t\t\t\t\t\t\t\t\t\t\t<!-- The style makes sure we indent on the right side for 22%, to not overflow the yellow image -->\n                                        <h2 style=\"direction: rtl; text-align: left; text-indent: 22%;\"\n\t\t\t\t\t\t\t\t\t\t\t\t\t\t\t\t\t\t\t\t\t\t>Transcription<\/h2>\n                                                                        \n                                                                            <p>Convertissez vos fichiers audio et vid\u00e9o en texte <\/p>\n                                                                    <\/div>\n                                    <div class=\"inner\">\n                                        <div class=\"grid-x grid-margin-x grid-margin-y align-center\">\n                                            <div class=\"cell small-12 text-center\">\n                                                <figure>\n                                                    <img decoding=\"async\" width=\"1280\" height=\"441\" src=\"https:\/\/www.amberscript.com\/wp-content\/uploads\/2023\/04\/product_1.svg\" class=\"shape\" alt=\"\" \/>                                                <\/figure>\n                                            <\/div>\n                                    \n                                        <\/div>\n\n                                    <div data-equalizer-watch class=\"text-holder\">\n                                                                                    <ul class=\"checked\">\n<li>G\u00e9n\u00e9rez facilement des transcriptions en lecture propre ou verbatim. Disponible en 39 langues.<\/li>\n<li>Examinez rapidement les fichiers gr\u00e2ces \u00e0 des horodatages pr\u00e9cis.<\/li>\n<li>Modifiez, personnalisez et partagez les informations dans notre environnement hautement s\u00e9curis\u00e9 bas\u00e9 sur le cloud.<\/li>\n<\/ul>\n                                        \t\t\t\t\t\t\t\t\t<\/div>\n\t\t\t\t\t\t\t\t\t\t\n\t\t\t\t\t\t\t\t\t\t\t\t\t\t\t\t\t\t\t\t\t\t\t\t\t\t\t\t\t\t\t\t\t\t\t\t\t\t\t\t\t\t\t\n\n\n\n                                    <div class=\"grid-x grid-margin-x grid-margin-y\">\n\n                                                                                    <div class=\"cell medium-shrink\">\n                                                <a class=\"button btn orange\" href=\"http:\/\/app.amberscript.com\/upload-register\" target=\"_self\" rel=\"noopener\">C&#039;est parti !<\/a>\n                                            <\/div>\n                                            \n                                        \n                                                                                    <div class=\"cell medium-shrink\">\n                                                <a class=\"button btn orange-invert\" href=\"https:\/\/www.amberscript.com\/fr\/produits\/transcription\/\" target=\"_self\">En savoir plus<\/a>\n                                            <\/div>\n                                                                                \n                                        \n                                    <\/div>\n                                <\/div>\n                            <\/article>\n                        <\/div>\n                \n\n                \n                        <div class=\"cell medium-12 large-6\">\n                            <article class=\"card product\n                                                        green-orange\n                                                        \" >\n                                <div class=\"header\">\n                                    <div class=\"shape \n\t\t\t\t\t\t\t\t\t\t\t\t\n\t\t\t\t\t\t\t\t\t\t\t\t\t\t\t\t\t\t\t\t\t\t\t                                    orange show-for-large\n                                    \"><\/div>\n\n                                    \t\t\t\t\t\t\t\t\t\t\t\t\t\t\t\t\t\t\t\t<!-- The style makes sure we indent on the right side for 22%, to not overflow the yellow image -->\n                                        <h2 style=\"direction: rtl; text-align: left; text-indent: 22%;\"\n\t\t\t\t\t\t\t\t\t\t\t\t\t\t\t\t\t\t\t\t\t\t>Sous-titres<\/h2>\n                                                                        \n                                                                            <p>Ajoutez des sous-titres et des traductions \u00e0 vos vid\u00e9os<\/p>\n                                                                    <\/div>\n                                    <div class=\"inner\">\n                                        <div class=\"grid-x grid-margin-x grid-margin-y align-center\">\n                                            <div class=\"cell small-12 text-center\">\n                                                <figure>\n                                                    <img decoding=\"async\" width=\"1280\" height=\"431\" src=\"https:\/\/www.amberscript.com\/wp-content\/uploads\/2023\/04\/product_2.svg\" class=\"shape\" alt=\"\" \/>                                                <\/figure>\n                                            <\/div>\n                                    \n                                        <\/div>\n\n                                    <div data-equalizer-watch class=\"text-holder\">\n                                                                                    <ul class=\"checked\">\n<li>Rendez votre contenu accessible et touchez de nouveaux publics gr\u00e2ce aux sous-titres et l\u00e9gendes disponibles en 39 langues.<\/li>\n<li>Terminez vos projets plus rapidement en faisant r\u00e9aliser les sous-titres avec l&rsquo;aide de l&rsquo;IA.<\/li>\n<li>Obtenez des sous-titres parfaits, incluant l&#8217;emplacement du texte et la synchronisation audio.<\/li>\n<\/ul>\n                                        \t\t\t\t\t\t\t\t\t<\/div>\n\t\t\t\t\t\t\t\t\t\t\n\t\t\t\t\t\t\t\t\t\t\t\t\t\t\t\t\t\t\t\t\t\t\t\t\t\t\t\t\t\t\t\t\t\t\t\t\t\t\t\t\t\t\t\n\n\n\n                                    <div class=\"grid-x grid-margin-x grid-margin-y\">\n\n                                                                                    <div class=\"cell medium-shrink\">\n                                                <a class=\"button btn orange\" href=\"http:\/\/app.amberscript.com\/upload-register\" target=\"_self\" rel=\"noopener\">C&#039;est parti !<\/a>\n                                            <\/div>\n                                            \n                                        \n                                                                                    <div class=\"cell medium-shrink\">\n                                                <a class=\"button btn orange-invert\" href=\"https:\/\/www.amberscript.com\/fr\/produits\/sous-titres\/\" target=\"_self\">En savoir plus<\/a>\n                                            <\/div>\n                                                                                \n                                        \n                                    <\/div>\n                                <\/div>\n                            <\/article>\n                        <\/div>\n                \n\n                            \n\n        <\/div>\n    <\/div>\n<\/section>\n\n","protected":false},"excerpt":{"rendered":"","protected":false},"author":70,"featured_media":0,"parent":0,"menu_order":0,"comment_status":"closed","ping_status":"closed","template":"","meta":{"_acf_changed":false,"inline_featured_image":false,"footnotes":""},"class_list":["post-79655","page","type-page","status-publish","hentry"],"acf":{"show_footer":true,"header_dark_mode":false},"_links":{"self":[{"href":"https:\/\/www.amberscript.com\/fr\/wp-json\/wp\/v2\/pages\/79655","targetHints":{"allow":["GET"]}}],"collection":[{"href":"https:\/\/www.amberscript.com\/fr\/wp-json\/wp\/v2\/pages"}],"about":[{"href":"https:\/\/www.amberscript.com\/fr\/wp-json\/wp\/v2\/types\/page"}],"author":[{"embeddable":true,"href":"https:\/\/www.amberscript.com\/fr\/wp-json\/wp\/v2\/users\/70"}],"replies":[{"embeddable":true,"href":"https:\/\/www.amberscript.com\/fr\/wp-json\/wp\/v2\/comments?post=79655"}],"version-history":[{"count":0,"href":"https:\/\/www.amberscript.com\/fr\/wp-json\/wp\/v2\/pages\/79655\/revisions"}],"wp:attachment":[{"href":"https:\/\/www.amberscript.com\/fr\/wp-json\/wp\/v2\/media?parent=79655"}],"curies":[{"name":"wp","href":"https:\/\/api.w.org\/{rel}","templated":true}]}}