{"id":104765,"date":"2026-01-06T12:54:41","date_gmt":"2026-01-06T11:54:41","guid":{"rendered":"https:\/\/www.amberscript.com\/?page_id=104765"},"modified":"2026-01-06T14:03:52","modified_gmt":"2026-01-06T13:03:52","slug":"telechargements","status":"publish","type":"page","link":"https:\/\/www.amberscript.com\/fr\/telechargements\/","title":{"rendered":"Downloads"},"content":{"rendered":"\n<as-overview\n\t\t\t\ttext=\"&lt;p&gt;T\u00e9l\u00e9chargements&lt;\/p&gt;\n\"\n\t\t\t\tcontent-type-title=\"Type de contenu\"\n\t\t\t\tcontent-type=\"T\u00e9l\u00e9chargements\"\n\t\t\t\tempty-title=\"Aucun \u00e9l\u00e9ment trouv\u00e9\"\n\t\t\t\thas-content-types=\"1\"\n\t\t\t\tmax=\"15\"\n\t\t\t\tplaceholder=\"Je veux lire sur...\"\n>\n    <h2><p>T\u00e9l\u00e9chargements<\/p>\n<\/h2>\n\n    \t\t\t<as-category slot=\"content-types\" text=\"Guideline\"><\/as-category>\n    \t\t\t<as-category slot=\"content-types\" text=\"T\u00e9l\u00e9chargements\"><\/as-category>\n    \t\t\t<as-category slot=\"content-types\" text=\"\u00c9tude de Cas\"><\/as-category>\n    \n    \n\t\t\t<as-overview-card\n\t\t\t\t\t\t\tslot=\"cards\"\n\t\t\t\t\t\t\ttext=\"Comment le CIDPM tient ses \u00e9ch\u00e9ances de communication post-conf\u00e9rence en transcrivant 15 \u00e0 20 heures d\u2019enregistrements avec Amberscript\"\n\t\t\t\t\t\t\turl=\"https:\/\/www.amberscript.com\/fr\/amberscript-academy\/comment-le-cidpm-tient-ses-echeances-de-communication-post-conference-en-transcrivant-15-a-20-heures-denregistrements-avec-amberscript\/\"\n\t\t\t\t\t\t\ttarget=\"_self\"\n\t\t\t\t\t\t\tdate=\"26 Jan 2026\"\n              image=\"https:\/\/www.amberscript.com\/wp-content\/uploads\/2026\/01\/54871198605_cfec371d9c_k.jpg\"\t\t\t\t\t\t\talt=\"Comment le CIDPM tient ses \u00e9ch\u00e9ances de communication post-conf\u00e9rence en transcrivant 15 \u00e0 20 heures d\u2019enregistrements avec Amberscript\"\n\t\t\t\t\t\t\tcontent-types=\"\u00c9tude de Cas\"\n\t\t\t>\n\t\t\t\t\t<h5>Comment le CIDPM tient ses \u00e9ch\u00e9ances de communication post-conf\u00e9rence en transcrivant 15 \u00e0 20 heures d\u2019enregistrements avec Amberscript<\/h5>\n\t\t\t\t\t<img decoding=\"async\" src=\"https:\/\/www.amberscript.com\/wp-content\/uploads\/2026\/01\/54871198605_cfec371d9c_k.jpg\" alt=\"Comment le CIDPM tient ses \u00e9ch\u00e9ances de communication post-conf\u00e9rence en transcrivant 15 \u00e0 20 heures d\u2019enregistrements avec Amberscript\" \/>\n          \t\t\t\t\t\t<as-chip\n\t\t\t\t\t\t\t\t\t\tslot=\"li\"\n\t\t\t\t\t\t\t\t\t\ttext=\"\u00c9tude de Cas\"\n\t\t\t\t\t\t\t\t\t\ticon=\"Label\"\n\t\t\t\t\t\t><\/as-chip>\n          \t\t\t<\/as-overview-card>\n\n    \n\t\t\t<as-overview-card\n\t\t\t\t\t\t\tslot=\"cards\"\n\t\t\t\t\t\t\ttext=\"L\u2019accessibilit\u00e9 \u00e0 grande \u00e9chelle : comment Amberscript simplifie le sous-titrage SME pour Arte France?\u00a0\"\n\t\t\t\t\t\t\turl=\"https:\/\/www.amberscript.com\/fr\/amberscript-academy\/laccessibilite-a-grande-echelle-comment-amberscript-simplifie-le-sous-titrage-sme-pour-arte-france\/\"\n\t\t\t\t\t\t\ttarget=\"_self\"\n\t\t\t\t\t\t\tdate=\"10 Sep 2025\"\n              image=\"https:\/\/www.amberscript.com\/wp-content\/uploads\/2025\/09\/Untitled-design-4-2.png\"\t\t\t\t\t\t\talt=\"L\u2019accessibilit\u00e9 \u00e0 grande \u00e9chelle : comment Amberscript simplifie le sous-titrage SME pour Arte France?\u00a0\"\n\t\t\t\t\t\t\tcontent-types=\"\u00c9tude de Cas\"\n\t\t\t>\n\t\t\t\t\t<h5>L\u2019accessibilit\u00e9 \u00e0 grande \u00e9chelle : comment Amberscript simplifie le sous-titrage SME pour Arte France?\u00a0<\/h5>\n\t\t\t\t\t<img decoding=\"async\" src=\"https:\/\/www.amberscript.com\/wp-content\/uploads\/2025\/09\/Untitled-design-4-2.png\" alt=\"L\u2019accessibilit\u00e9 \u00e0 grande \u00e9chelle : comment Amberscript simplifie le sous-titrage SME pour Arte France?\u00a0\" \/>\n          \t\t\t\t\t\t<as-chip\n\t\t\t\t\t\t\t\t\t\tslot=\"li\"\n\t\t\t\t\t\t\t\t\t\ttext=\"\u00c9tude de Cas\"\n\t\t\t\t\t\t\t\t\t\ticon=\"Label\"\n\t\t\t\t\t\t><\/as-chip>\n          \t\t\t\t\t\t<as-chip\n\t\t\t\t\t\t\t\t\t\tslot=\"li\"\n\t\t\t\t\t\t\t\t\t\ttext=\"\u00c9tude de Cas\"\n\t\t\t\t\t\t\t\t\t\ticon=\"Label\"\n\t\t\t\t\t\t><\/as-chip>\n          \t\t\t<\/as-overview-card>\n\n    \n\t\t\t<as-overview-card\n\t\t\t\t\t\t\tslot=\"cards\"\n\t\t\t\t\t\t\ttext=\"Comment Amberscript aide Orange \u00e0 produire du contenu num\u00e9riquement accessible \u00e0 un public international\"\n\t\t\t\t\t\t\turl=\"https:\/\/www.amberscript.com\/fr\/amberscript-academy\/comment-amberscript-aide-orange-a-produire-du-contenu-numeriquement-accessible-a-un-public-international\/\"\n\t\t\t\t\t\t\ttarget=\"_self\"\n\t\t\t\t\t\t\tdate=\"13 Juin 2022\"\n              image=\"https:\/\/www.amberscript.com\/wp-content\/uploads\/2022\/06\/alexander-dummer-aS4Duj2j7r4-unsplash-1-scaled.jpg\"\t\t\t\t\t\t\talt=\"A film set with camera equipment set up \"\n\t\t\t\t\t\t\tcontent-types=\"\"\n\t\t\t>\n\t\t\t\t\t<h5>Comment Amberscript aide Orange \u00e0 produire du contenu num\u00e9riquement accessible \u00e0 un public international<\/h5>\n\t\t\t\t\t<img decoding=\"async\" src=\"https:\/\/www.amberscript.com\/wp-content\/uploads\/2022\/06\/alexander-dummer-aS4Duj2j7r4-unsplash-1-scaled.jpg\" alt=\"A film set with camera equipment set up \" \/>\n          \t\t\t<\/as-overview-card>\n\n    \n\t\t\t<as-overview-card\n\t\t\t\t\t\t\tslot=\"cards\"\n\t\t\t\t\t\t\ttext=\"Cr\u00e9er des \u00e9v\u00e9nements virtuels accessibles pour LR Health &#038; Beauty\"\n\t\t\t\t\t\t\turl=\"https:\/\/www.amberscript.com\/fr\/amberscript-academy\/creer-des-evenements-virtuels-accessibles-lr-health-beauty\/\"\n\t\t\t\t\t\t\ttarget=\"_self\"\n\t\t\t\t\t\t\tdate=\"2 Juin 2022\"\n              image=\"https:\/\/www.amberscript.com\/wp-content\/uploads\/2022\/06\/Optimized-chuttersnap-Q_KdjKxntH8-unsplash-min-e1654179395202.jpg\"\t\t\t\t\t\t\talt=\"An empty conference event room with no attendee&#039;s\"\n\t\t\t\t\t\t\tcontent-types=\"\u00c9tude de Cas\"\n\t\t\t>\n\t\t\t\t\t<h5>Cr\u00e9er des \u00e9v\u00e9nements virtuels accessibles pour LR Health &#038; Beauty<\/h5>\n\t\t\t\t\t<img decoding=\"async\" src=\"https:\/\/www.amberscript.com\/wp-content\/uploads\/2022\/06\/Optimized-chuttersnap-Q_KdjKxntH8-unsplash-min-e1654179395202.jpg\" alt=\"An empty conference event room with no attendee&#039;s\" \/>\n          \t\t\t\t\t\t<as-chip\n\t\t\t\t\t\t\t\t\t\tslot=\"li\"\n\t\t\t\t\t\t\t\t\t\ttext=\"\u00c9tude de Cas\"\n\t\t\t\t\t\t\t\t\t\ticon=\"Label\"\n\t\t\t\t\t\t><\/as-chip>\n          \t\t\t<\/as-overview-card>\n\n    \n\t\t\t<as-overview-card\n\t\t\t\t\t\t\tslot=\"cards\"\n\t\t\t\t\t\t\ttext=\"Cheflix et Amberscript s&rsquo;associent pour rendre la cuisine \u00e9toil\u00e9e accessible \u00e0 tous\"\n\t\t\t\t\t\t\turl=\"https:\/\/www.amberscript.com\/fr\/amberscript-academy\/cheflix-et-amberscript-sassocient-pour-rendre-la-cuisine-etoilee-accessible-a-tous\/\"\n\t\t\t\t\t\t\ttarget=\"_self\"\n\t\t\t\t\t\t\tdate=\"12 Avr 2022\"\n              image=\"https:\/\/www.amberscript.com\/wp-content\/uploads\/2022\/04\/sebastian-coman-photography-cQbOSRpElxw-unsplash-1-scaled-e1649765374571.jpg\"\t\t\t\t\t\t\talt=\"A chef preparing food\"\n\t\t\t\t\t\t\tcontent-types=\"\u00c9tude de Cas\"\n\t\t\t>\n\t\t\t\t\t<h5>Cheflix et Amberscript s&rsquo;associent pour rendre la cuisine \u00e9toil\u00e9e accessible \u00e0 tous<\/h5>\n\t\t\t\t\t<img decoding=\"async\" src=\"https:\/\/www.amberscript.com\/wp-content\/uploads\/2022\/04\/sebastian-coman-photography-cQbOSRpElxw-unsplash-1-scaled-e1649765374571.jpg\" alt=\"A chef preparing food\" \/>\n          \t\t\t\t\t\t<as-chip\n\t\t\t\t\t\t\t\t\t\tslot=\"li\"\n\t\t\t\t\t\t\t\t\t\ttext=\"\u00c9tude de Cas\"\n\t\t\t\t\t\t\t\t\t\ticon=\"Label\"\n\t\t\t\t\t\t><\/as-chip>\n          \t\t\t<\/as-overview-card>\n\n    \n\t\t\t<as-overview-card\n\t\t\t\t\t\t\tslot=\"cards\"\n\t\t\t\t\t\t\ttext=\"Recherche : L&rsquo;impact de la qualit\u00e9 du sous-titrage sur l&rsquo;accessibilit\u00e9\"\n\t\t\t\t\t\t\turl=\"https:\/\/www.amberscript.com\/fr\/amberscript-academy\/recherche-impact-qualite-sous-titrage-sur-accessibilite\/\"\n\t\t\t\t\t\t\ttarget=\"_self\"\n\t\t\t\t\t\t\tdate=\"30 Juil 2021\"\n              image=\"https:\/\/www.amberscript.com\/wp-content\/uploads\/2021\/07\/Download-Report-Blog-Banner.png\"\t\t\t\t\t\t\talt=\"Recherche : L&rsquo;impact de la qualit\u00e9 du sous-titrage sur l&rsquo;accessibilit\u00e9\"\n\t\t\t\t\t\t\tcontent-types=\"T\u00e9l\u00e9chargements\"\n\t\t\t>\n\t\t\t\t\t<h5>Recherche : L&rsquo;impact de la qualit\u00e9 du sous-titrage sur l&rsquo;accessibilit\u00e9<\/h5>\n\t\t\t\t\t<img decoding=\"async\" src=\"https:\/\/www.amberscript.com\/wp-content\/uploads\/2021\/07\/Download-Report-Blog-Banner.png\" alt=\"Recherche : L&rsquo;impact de la qualit\u00e9 du sous-titrage sur l&rsquo;accessibilit\u00e9\" \/>\n          \t\t\t\t\t\t<as-chip\n\t\t\t\t\t\t\t\t\t\tslot=\"li\"\n\t\t\t\t\t\t\t\t\t\ttext=\"T\u00e9l\u00e9chargements\"\n\t\t\t\t\t\t\t\t\t\ticon=\"Label\"\n\t\t\t\t\t\t><\/as-chip>\n          \t\t\t<\/as-overview-card>\n\n    \n\t\t\t<as-overview-card\n\t\t\t\t\t\t\tslot=\"cards\"\n\t\t\t\t\t\t\ttext=\"D\u00e9finir les nouveaux d\u00e9fis de s\u00e9curit\u00e9 \u00e0 venir \u00e0 l\u2019aide de la transcription manuelle.\"\n\t\t\t\t\t\t\turl=\"https:\/\/www.amberscript.com\/fr\/amberscript-academy\/defis-de-securite-et-transcription-manuelle\/\"\n\t\t\t\t\t\t\ttarget=\"_self\"\n\t\t\t\t\t\t\tdate=\"26 Juil 2021\"\n              image=\"https:\/\/www.amberscript.com\/wp-content\/uploads\/2024\/11\/Success-Story-Header.png\"\t\t\t\t\t\t\talt=\"D\u00e9finir les nouveaux d\u00e9fis de s\u00e9curit\u00e9 \u00e0 venir \u00e0 l\u2019aide de la transcription manuelle.\"\n\t\t\t\t\t\t\tcontent-types=\"\u00c9tude de Cas\"\n\t\t\t>\n\t\t\t\t\t<h5>D\u00e9finir les nouveaux d\u00e9fis de s\u00e9curit\u00e9 \u00e0 venir \u00e0 l\u2019aide de la transcription manuelle.<\/h5>\n\t\t\t\t\t<img decoding=\"async\" src=\"https:\/\/www.amberscript.com\/wp-content\/uploads\/2024\/11\/Success-Story-Header.png\" alt=\"D\u00e9finir les nouveaux d\u00e9fis de s\u00e9curit\u00e9 \u00e0 venir \u00e0 l\u2019aide de la transcription manuelle.\" \/>\n          \t\t\t\t\t\t<as-chip\n\t\t\t\t\t\t\t\t\t\tslot=\"li\"\n\t\t\t\t\t\t\t\t\t\ttext=\"\u00c9tude de Cas\"\n\t\t\t\t\t\t\t\t\t\ticon=\"Label\"\n\t\t\t\t\t\t><\/as-chip>\n          \t\t\t<\/as-overview-card>\n\n    \n\t\t\t<as-overview-card\n\t\t\t\t\t\t\tslot=\"cards\"\n\t\t\t\t\t\t\ttext=\"Transcription Verbatim pour un projet de recherche de l\u2019Universit\u00e9 de Montpellier\"\n\t\t\t\t\t\t\turl=\"https:\/\/www.amberscript.com\/fr\/amberscript-academy\/transcription-verbatim-universite-montpellier\/\"\n\t\t\t\t\t\t\ttarget=\"_self\"\n\t\t\t\t\t\t\tdate=\"20 Juil 2021\"\n              image=\"https:\/\/www.amberscript.com\/wp-content\/uploads\/2021\/07\/uni-montpellier-case-study.jpeg\"\t\t\t\t\t\t\talt=\"Transcription Verbatim pour un projet de recherche de l\u2019Universit\u00e9 de Montpellier\"\n\t\t\t\t\t\t\tcontent-types=\"\u00c9tude de Cas\"\n\t\t\t>\n\t\t\t\t\t<h5>Transcription Verbatim pour un projet de recherche de l\u2019Universit\u00e9 de Montpellier<\/h5>\n\t\t\t\t\t<img decoding=\"async\" src=\"https:\/\/www.amberscript.com\/wp-content\/uploads\/2021\/07\/uni-montpellier-case-study.jpeg\" alt=\"Transcription Verbatim pour un projet de recherche de l\u2019Universit\u00e9 de Montpellier\" \/>\n          \t\t\t\t\t\t<as-chip\n\t\t\t\t\t\t\t\t\t\tslot=\"li\"\n\t\t\t\t\t\t\t\t\t\ttext=\"\u00c9tude de Cas\"\n\t\t\t\t\t\t\t\t\t\ticon=\"Label\"\n\t\t\t\t\t\t><\/as-chip>\n          \t\t\t<\/as-overview-card>\n\n    \n\t\t\t<as-overview-card\n\t\t\t\t\t\t\tslot=\"cards\"\n\t\t\t\t\t\t\ttext=\"Guide de Transcription\"\n\t\t\t\t\t\t\turl=\"https:\/\/www.amberscript.com\/fr\/amberscript-academy\/guide-de-transcription\/\"\n\t\t\t\t\t\t\ttarget=\"_self\"\n\t\t\t\t\t\t\tdate=\"25 Juin 2021\"\n              image=\"https:\/\/www.amberscript.com\/wp-content\/uploads\/2021\/06\/Amberscript-academy-Featured-Images-1-pdf.jpg\"\t\t\t\t\t\t\talt=\"Guide de Transcription\"\n\t\t\t\t\t\t\tcontent-types=\"Guideline\"\n\t\t\t>\n\t\t\t\t\t<h5>Guide de Transcription<\/h5>\n\t\t\t\t\t<img decoding=\"async\" src=\"https:\/\/www.amberscript.com\/wp-content\/uploads\/2021\/06\/Amberscript-academy-Featured-Images-1-pdf.jpg\" alt=\"Guide de Transcription\" \/>\n          \t\t\t\t\t\t<as-chip\n\t\t\t\t\t\t\t\t\t\tslot=\"li\"\n\t\t\t\t\t\t\t\t\t\ttext=\"Guideline\"\n\t\t\t\t\t\t\t\t\t\ticon=\"Label\"\n\t\t\t\t\t\t><\/as-chip>\n          \t\t\t<\/as-overview-card>\n\n    \n\t\t\t<as-overview-card\n\t\t\t\t\t\t\tslot=\"cards\"\n\t\t\t\t\t\t\ttext=\"SkyHigh TV automatise l\u2019enregistrement des rushes gr\u00e2ce \u00e0 la technologie de reconnaissance vocale\"\n\t\t\t\t\t\t\turl=\"https:\/\/www.amberscript.com\/fr\/amberscript-academy\/skyhigh-tv\/\"\n\t\t\t\t\t\t\ttarget=\"_self\"\n\t\t\t\t\t\t\tdate=\"24 Juin 2021\"\n              image=\"https:\/\/www.amberscript.com\/wp-content\/uploads\/2021\/04\/broadcast.jpg\"\t\t\t\t\t\t\talt=\"SkyHigh TV automatise l\u2019enregistrement des rushes gr\u00e2ce \u00e0 la technologie de reconnaissance vocale\"\n\t\t\t\t\t\t\tcontent-types=\"\u00c9tude de Cas\"\n\t\t\t>\n\t\t\t\t\t<h5>SkyHigh TV automatise l\u2019enregistrement des rushes gr\u00e2ce \u00e0 la technologie de reconnaissance vocale<\/h5>\n\t\t\t\t\t<img decoding=\"async\" src=\"https:\/\/www.amberscript.com\/wp-content\/uploads\/2021\/04\/broadcast.jpg\" alt=\"SkyHigh TV automatise l\u2019enregistrement des rushes gr\u00e2ce \u00e0 la technologie de reconnaissance vocale\" \/>\n          \t\t\t\t\t\t<as-chip\n\t\t\t\t\t\t\t\t\t\tslot=\"li\"\n\t\t\t\t\t\t\t\t\t\ttext=\"\u00c9tude de Cas\"\n\t\t\t\t\t\t\t\t\t\ticon=\"Label\"\n\t\t\t\t\t\t><\/as-chip>\n          \t\t\t<\/as-overview-card>\n\n    \n\t\t\t<as-overview-card\n\t\t\t\t\t\t\tslot=\"cards\"\n\t\t\t\t\t\t\ttext=\"Comment activer le correcteur orthographique lors de l&rsquo;\u00e9dition de transcriptions en ligne ?\"\n\t\t\t\t\t\t\turl=\"https:\/\/www.amberscript.com\/fr\/amberscript-academy\/activer-correcteur-orthographique-chrome\/\"\n\t\t\t\t\t\t\ttarget=\"_self\"\n\t\t\t\t\t\t\tdate=\"23 Juin 2021\"\n              image=\"https:\/\/www.amberscript.com\/wp-content\/uploads\/2021\/06\/Amberscript-academy-Featured-Images.jpg\"\t\t\t\t\t\t\talt=\"Comment activer le correcteur orthographique lors de l&rsquo;\u00e9dition de transcriptions en ligne ?\"\n\t\t\t\t\t\t\tcontent-types=\"Guideline\"\n\t\t\t>\n\t\t\t\t\t<h5>Comment activer le correcteur orthographique lors de l&rsquo;\u00e9dition de transcriptions en ligne ?<\/h5>\n\t\t\t\t\t<img decoding=\"async\" src=\"https:\/\/www.amberscript.com\/wp-content\/uploads\/2021\/06\/Amberscript-academy-Featured-Images.jpg\" alt=\"Comment activer le correcteur orthographique lors de l&rsquo;\u00e9dition de transcriptions en ligne ?\" \/>\n          \t\t\t\t\t\t<as-chip\n\t\t\t\t\t\t\t\t\t\tslot=\"li\"\n\t\t\t\t\t\t\t\t\t\ttext=\"Guideline\"\n\t\t\t\t\t\t\t\t\t\ticon=\"Label\"\n\t\t\t\t\t\t><\/as-chip>\n          \t\t\t<\/as-overview-card>\n\n    \n\t\t\t<as-overview-card\n\t\t\t\t\t\t\tslot=\"cards\"\n\t\t\t\t\t\t\ttext=\"Comment le cin\u00e9aste Rogier Kappers utilise Amberscript dans la production de son nouveau documentaire.\"\n\t\t\t\t\t\t\turl=\"https:\/\/www.amberscript.com\/fr\/amberscript-academy\/comment-rogier-kappers-utilise-amberscript-pour-documentaire\/\"\n\t\t\t\t\t\t\ttarget=\"_self\"\n\t\t\t\t\t\t\tdate=\"23 Juin 2021\"\n              image=\"https:\/\/www.amberscript.com\/wp-content\/uploads\/2019\/07\/Case-Study-header-4.png\"\t\t\t\t\t\t\talt=\"Comment le cin\u00e9aste Rogier Kappers utilise Amberscript dans la production de son nouveau documentaire.\"\n\t\t\t\t\t\t\tcontent-types=\"\u00c9tude de Cas\"\n\t\t\t>\n\t\t\t\t\t<h5>Comment le cin\u00e9aste Rogier Kappers utilise Amberscript dans la production de son nouveau documentaire.<\/h5>\n\t\t\t\t\t<img decoding=\"async\" src=\"https:\/\/www.amberscript.com\/wp-content\/uploads\/2019\/07\/Case-Study-header-4.png\" alt=\"Comment le cin\u00e9aste Rogier Kappers utilise Amberscript dans la production de son nouveau documentaire.\" \/>\n          \t\t\t\t\t\t<as-chip\n\t\t\t\t\t\t\t\t\t\tslot=\"li\"\n\t\t\t\t\t\t\t\t\t\ttext=\"\u00c9tude de Cas\"\n\t\t\t\t\t\t\t\t\t\ticon=\"Label\"\n\t\t\t\t\t\t><\/as-chip>\n          \t\t\t<\/as-overview-card>\n\n    \n\t\t\t<as-overview-card\n\t\t\t\t\t\t\tslot=\"cards\"\n\t\t\t\t\t\t\ttext=\"Comment l&rsquo;Universit\u00e9 des Sciences Appliqu\u00e9es d&rsquo;Amsterdam (HVA) a am\u00e9lior\u00e9 de mani\u00e8re significative la vitesse de transcription\"\n\t\t\t\t\t\t\turl=\"https:\/\/www.amberscript.com\/fr\/amberscript-academy\/luniversite-des-sciences-appliquees-damsterdam-hva-etude-de-cas\/\"\n\t\t\t\t\t\t\ttarget=\"_self\"\n\t\t\t\t\t\t\tdate=\"7 Juin 2021\"\n              image=\"https:\/\/www.amberscript.com\/wp-content\/uploads\/2025\/02\/Success-Story-Header.png\"\t\t\t\t\t\t\talt=\"Comment l&rsquo;Universit\u00e9 des Sciences Appliqu\u00e9es d&rsquo;Amsterdam (HVA) a am\u00e9lior\u00e9 de mani\u00e8re significative la vitesse de transcription\"\n\t\t\t\t\t\t\tcontent-types=\"\u00c9tude de Cas\"\n\t\t\t>\n\t\t\t\t\t<h5>Comment l&rsquo;Universit\u00e9 des Sciences Appliqu\u00e9es d&rsquo;Amsterdam (HVA) a am\u00e9lior\u00e9 de mani\u00e8re significative la vitesse de transcription<\/h5>\n\t\t\t\t\t<img decoding=\"async\" src=\"https:\/\/www.amberscript.com\/wp-content\/uploads\/2025\/02\/Success-Story-Header.png\" alt=\"Comment l&rsquo;Universit\u00e9 des Sciences Appliqu\u00e9es d&rsquo;Amsterdam (HVA) a am\u00e9lior\u00e9 de mani\u00e8re significative la vitesse de transcription\" \/>\n          \t\t\t\t\t\t<as-chip\n\t\t\t\t\t\t\t\t\t\tslot=\"li\"\n\t\t\t\t\t\t\t\t\t\ttext=\"\u00c9tude de Cas\"\n\t\t\t\t\t\t\t\t\t\ticon=\"Label\"\n\t\t\t\t\t\t><\/as-chip>\n          \t\t\t<\/as-overview-card>\n\n    \n\t\t\t<as-overview-card\n\t\t\t\t\t\t\tslot=\"cards\"\n\t\t\t\t\t\t\ttext=\"La contribution des sous-titres \u00e0 la qualit\u00e9 du contenu en ligne du Grundl Leadership Institute\"\n\t\t\t\t\t\t\turl=\"https:\/\/www.amberscript.com\/fr\/amberscript-academy\/etude-de-cas-grundl\/\"\n\t\t\t\t\t\t\ttarget=\"_self\"\n\t\t\t\t\t\t\tdate=\"8 Mar 2021\"\n              image=\"https:\/\/www.amberscript.com\/wp-content\/uploads\/2021\/03\/GLI-Team-2020-1500x430-1.jpg\"\t\t\t\t\t\t\talt=\"GLI Team\"\n\t\t\t\t\t\t\tcontent-types=\"\u00c9tude de Cas\"\n\t\t\t>\n\t\t\t\t\t<h5>La contribution des sous-titres \u00e0 la qualit\u00e9 du contenu en ligne du Grundl Leadership Institute<\/h5>\n\t\t\t\t\t<img decoding=\"async\" src=\"https:\/\/www.amberscript.com\/wp-content\/uploads\/2021\/03\/GLI-Team-2020-1500x430-1.jpg\" alt=\"GLI Team\" \/>\n          \t\t\t\t\t\t<as-chip\n\t\t\t\t\t\t\t\t\t\tslot=\"li\"\n\t\t\t\t\t\t\t\t\t\ttext=\"\u00c9tude de Cas\"\n\t\t\t\t\t\t\t\t\t\ticon=\"Label\"\n\t\t\t\t\t\t><\/as-chip>\n          \t\t\t<\/as-overview-card>\n\n    <\/as-overview>\n\n\n\n<as-top-reads text=\"&lt;p&gt;Les plus lus&lt;\/p&gt;\n\">\n    <h2><p>Les plus lus<\/p>\n<\/h2>\n    \n<!-- DEBUG INFO -->\n<!-- 105331 -->\n\n\t\t\t<as-overview-card\n\t\t\t\t\t\t\tslot=\"cards\"\n\t\t\t\t\t\t\ttext=\"Protection des donn\u00e9es et logiciels de transcription : les points de vigilance\"\n\t\t\t\t\t\t\tdate=\"23 F\u00e9v 2026\"\n              image=\"https:\/\/www.amberscript.com\/wp-content\/uploads\/2026\/02\/cybersecurity-data-protection-concept-scaled.jpg\"\t\t\t\t\t\t\talt=\"Protection des donn\u00e9es et logiciels de transcription : les points de vigilance\"\n\t\t\t\t\t\t\turl=\"https:\/\/www.amberscript.com\/fr\/blog\/protection-des-donnees-transcription\/\"\n\t\t\t\t\t\t\ttarget=\"_self\"\n\t\t\t\t\t\t\tcategories=\"\"\n\t\t\t>\n\t\t\t\t<h5>Protection des donn\u00e9es et logiciels de transcription : les points de vigilance<\/h5>\n\t\t\t\t\t\t\t\t\t<img decoding=\"async\" src=\"https:\/\/www.amberscript.com\/wp-content\/uploads\/2026\/02\/cybersecurity-data-protection-concept-scaled.jpg\" alt=\"Protection des donn\u00e9es et logiciels de transcription : les points de vigilance\" \/>\n\t\t\t\t          \t\t\t<\/as-overview-card>\n\n    \n<!-- DEBUG INFO -->\n<!-- 105308 -->\n\n\t\t\t<as-overview-card\n\t\t\t\t\t\t\tslot=\"cards\"\n\t\t\t\t\t\t\ttext=\"Souverainet\u00e9 des donn\u00e9es dans la transcription et le sous-titrage : une priorit\u00e9 pour la gestion des risques\"\n\t\t\t\t\t\t\tdate=\"23 F\u00e9v 2026\"\n              image=\"https:\/\/www.amberscript.com\/wp-content\/uploads\/2026\/02\/Untitled-design.svg\"\t\t\t\t\t\t\talt=\"Souverainet\u00e9 des donn\u00e9es dans la transcription et le sous-titrage : une priorit\u00e9 pour la gestion des risques\"\n\t\t\t\t\t\t\turl=\"https:\/\/www.amberscript.com\/fr\/blog\/souverainete-des-donnees-transcription\/\"\n\t\t\t\t\t\t\ttarget=\"_self\"\n\t\t\t\t\t\t\tcategories=\"\"\n\t\t\t>\n\t\t\t\t<h5>Souverainet\u00e9 des donn\u00e9es dans la transcription et le sous-titrage : une priorit\u00e9 pour la gestion des risques<\/h5>\n\t\t\t\t\t\t\t\t\t<img decoding=\"async\" src=\"https:\/\/www.amberscript.com\/wp-content\/uploads\/2026\/02\/Untitled-design.svg\" alt=\"Souverainet\u00e9 des donn\u00e9es dans la transcription et le sous-titrage : une priorit\u00e9 pour la gestion des risques\" \/>\n\t\t\t\t          \t\t\t<\/as-overview-card>\n\n    \n<!-- DEBUG INFO -->\n<!-- 17624 -->\n\n\t\t\t<as-overview-card\n\t\t\t\t\t\t\tslot=\"cards\"\n\t\t\t\t\t\t\ttext=\"Comment cr\u00e9er un podcast vid\u00e9o et une transcription audio\"\n\t\t\t\t\t\t\tdate=\"9 Oct 2024\"\n              image=\"https:\/\/www.amberscript.com\/wp-content\/uploads\/2020\/10\/c1zn57gfdb0.jpg.webp\"\t\t\t\t\t\t\talt=\"Comment cr\u00e9er un podcast vid\u00e9o et une transcription audio\"\n\t\t\t\t\t\t\turl=\"https:\/\/www.amberscript.com\/fr\/blog\/comment-creer-un-podcast-video-et-une-transcription-audio\/\"\n\t\t\t\t\t\t\ttarget=\"_self\"\n\t\t\t\t\t\t\tcategories=\"Accessibilit\u00e9 num\u00e9rique\"\n\t\t\t>\n\t\t\t\t<h5>Comment cr\u00e9er un podcast vid\u00e9o et une transcription audio<\/h5>\n\t\t\t\t\t\t\t\t\t<img decoding=\"async\" src=\"https:\/\/www.amberscript.com\/wp-content\/uploads\/2020\/10\/c1zn57gfdb0.jpg.webp\" alt=\"Comment cr\u00e9er un podcast vid\u00e9o et une transcription audio\" \/>\n\t\t\t\t          \t\t\t<\/as-overview-card>\n\n    <\/as-top-reads>","protected":false},"excerpt":{"rendered":"","protected":false},"author":70,"featured_media":0,"parent":0,"menu_order":0,"comment_status":"closed","ping_status":"closed","template":"page-redesign.php","meta":{"_acf_changed":true,"inline_featured_image":false,"footnotes":""},"class_list":["post-104765","page","type-page","status-publish","hentry"],"acf":{"show_footer":true,"header_dark_mode":false},"_links":{"self":[{"href":"https:\/\/www.amberscript.com\/fr\/wp-json\/wp\/v2\/pages\/104765","targetHints":{"allow":["GET"]}}],"collection":[{"href":"https:\/\/www.amberscript.com\/fr\/wp-json\/wp\/v2\/pages"}],"about":[{"href":"https:\/\/www.amberscript.com\/fr\/wp-json\/wp\/v2\/types\/page"}],"author":[{"embeddable":true,"href":"https:\/\/www.amberscript.com\/fr\/wp-json\/wp\/v2\/users\/70"}],"replies":[{"embeddable":true,"href":"https:\/\/www.amberscript.com\/fr\/wp-json\/wp\/v2\/comments?post=104765"}],"version-history":[{"count":0,"href":"https:\/\/www.amberscript.com\/fr\/wp-json\/wp\/v2\/pages\/104765\/revisions"}],"wp:attachment":[{"href":"https:\/\/www.amberscript.com\/fr\/wp-json\/wp\/v2\/media?parent=104765"}],"curies":[{"name":"wp","href":"https:\/\/api.w.org\/{rel}","templated":true}]}}