{"id":49129,"date":"2022-06-01T15:52:34","date_gmt":"2022-06-01T13:52:34","guid":{"rendered":"https:\/\/www.amberscript.com\/automatic-subtitles-in-french\/"},"modified":"2022-10-24T09:49:20","modified_gmt":"2022-10-24T07:49:20","slug":"automatic-subtitles-in-french","status":"publish","type":"page","link":"https:\/\/www.amberscript.com\/es\/automatic-subtitles-in-french\/","title":{"rendered":"Automatic Subtitles in French"},"content":{"rendered":"\n<section class=\"block small-slider\">\n   <div class=\"grid-container\">\n      <div class=\"grid-x grid-margin-y align-middle align-left\">\n                     <div class=\"cell small-12 text-center\">\n            <div class=\"subtitle\">\n               Loved by over a million customers             <\/div>\n            <div class=\"grid-x grid-margin-x grid-margin-y align-center\">\n               \n                  <div class=\"cell small-6 medium-shrink\">\n                     <div class=\"rating-holder\">\n                        <p class=\"small\">4.3 on Trustpilot<\/p>\n                        <img decoding=\"async\" src=\"https:\/\/www.amberscript.com\/wp-content\/themes\/amberscript\/img\/stars_trustpilot.svg\"\/>\n                     <\/div>\n                  <\/div>\n                                                <div class=\"cell small-6 medium-shrink\">\n                     <div class=\"rating-holder\">\n                        <p class=\"small\">4.5 on Google<\/p>\n                        <img decoding=\"async\" src=\"https:\/\/www.amberscript.com\/wp-content\/themes\/amberscript\/img\/stars_google.png\"\/>\n                     <\/div>\n                  <\/div>\n               \n            <\/div>\n         <\/div>\n      \n         <div class=\"cell large-12\">\n\n                  \n                     <img decoding=\"async\" width=\"1236\" height=\"88\" src=\"https:\/\/wp-staging.amberscript.com\/\/wp-content\/uploads\/2022\/09\/LogoBanner@2x.png\" class=\"attachment-full size-full\" alt=\"\" loading=\"lazy\">\n\n\n                     \n         <\/div>\n      <\/div>\n   <\/div>\n<\/section>\n\n<div class=\"block text-image\">\n\t<div class=\"grid-container\">\n      <div class=\"grid-x align-middle grid-margin-y grid-margin-x\">\n\t\t  \n\n        <div class=\"cell medium-6 large-5 \t\">\t\t  \n\n                            <div class=\"image-holder text-center\">\n\n                                    <img decoding=\"async\" width=\"640\" height=\"469\" src=\"https:\/\/www.amberscript.com\/wp-content\/uploads\/2022\/02\/Screen-5-640x469-1.png\" class=\"img-responsive\" alt=\"Amberscript online editor for MP4 to text\" \/>                                    <\/div>\n            \t\t\t\n        <\/div>\n\t\t  \n\n        <div class=\"cell medium-6 large-5  medium-offset-0 large-offset-1\">  \n\n               \n                                                  \n                                                           <h3>How to automatically generate French subtitles:<\/h3>\n                                    \n                                   <p><strong> 1. Upload your video in French. <\/strong>Upload your video. Select the number of speakers and the audio language. Sit back and relax while AI generates the subtitles.<\/p>\n<p><strong>2. Edit your subtitle file. <\/strong>You&#8217;ll receive your subtitle text. Easily make any changes in our cloud-based editor.<\/p>\n<p><strong>3. Export in multiple formats. <\/strong>Whatever formats you need, we&#8217;ve got you covered. docx., .txt, .srt, .json, .vtt, or EBU.STL<\/p>\n               \n                            \n        <\/div>\n      <\/div>\n   <\/div>\n<\/div>\n\n\n\n<div loading=\"lazy\" class=\"block trustpilot\">\n    <div class=\"grid-container\">\n        <div class=\"grid-x\">\n            \n<div class=\"cell large-12 text-center\">\n  <div class=\"title-holder\">\n\n\n\n                          <h6>Check out our <\/h6>\n                    \n                                    <h2>Trustpilot reviews<\/h2>\n                      <\/div>           \n<\/div>\n        <\/div>\n        <div class=\"box\">\n            <div class=\"grid-x\">\n                <div class=\"cell large-12\">\n                    <div class=\"background box-shadow border-radius\">\n                        \n                        <div class=\"grid-x align-center align-middle grid-margin-x grid-margin-y\">\n                            <div class=\"cell small-6 medium-4 large-2 text-center\">\n                                <h3>Excelente<\/h3>\n\n                                <a class=\"load\" href=\"https:\/\/www.trustpilot.com\/review\/www.amberscript.com?languages=es\" target=\"_blank\">\n                                    <img decoding=\"async\" loading=\"lazy\" src=\"https:\/\/cdn.trustpilot.net\/brand-assets\/4.1.0\/stars\/stars-4.5.svg\" class=\"load\" alt=\"\" class=\"general-stars\">\n                                \n                                <small>Basado en <b>376 comentarios<\/b><\/small>\n                                <img decoding=\"async\" src=\"https:\/\/www.amberscript.com\/wp-content\/themes\/amberscript\/img\/trustpilot.svg\" loading=\"lazy\"  class=\"trustpilot-logo\" alt=\"Trustpilot\">\n                                <\/a>\n                            <\/div>\n                            <div class=\"cell large-10\">\n\n                                <div class=\"trust-pilot-slider\">\n                                                                    \n                                                                                \n                                        <div class=\"carousel-cell\">\n                                            <div class=\"grid-x\">\n                                                <div class=\"small-12\">\n                                                    <div class=\"rate-image load\">\n                                                        <img decoding=\"async\" src=\"https:\/\/cdn.trustpilot.net\/brand-assets\/4.1.0\/stars\/stars-5.svg\" loading=\"lazy\" alt=\"Trustpilot\" class=\"load\">\n                                                    <\/div>\n                                                <\/div>\n                                                <div class=\"small-12\">\n                                                    <div class=\"inner\">\n                                                        \n                                                                                                                    <h5>Estoy encantada con Amberscript<\/h5>\n                                                                                                                <\/h5>\n                                                    <\/div>\n                                                <\/div>\n                                                <div class=\"small-12\">\n                                                    <div class=\"inner\">\n                                                                                                                    Estoy encantada con Amberscript. La web es muy sencilla de &#8230;                                                                                                                <p><\/p>\n                                                        <span>Vanesa<\/span>\n                                                    <\/div>\n                                                <\/div>\n                                            <\/div>\n                                        <\/div>\n                                        \n                                        \n                                        <div class=\"carousel-cell\">\n                                            <div class=\"grid-x\">\n                                                <div class=\"small-12\">\n                                                    <div class=\"rate-image load\">\n                                                        <img decoding=\"async\" src=\"https:\/\/cdn.trustpilot.net\/brand-assets\/4.1.0\/stars\/stars-5.svg\" loading=\"lazy\" alt=\"Trustpilot\" class=\"load\">\n                                                    <\/div>\n                                                <\/div>\n                                                <div class=\"small-12\">\n                                                    <div class=\"inner\">\n                                                        \n                                                                                                                    <h5>Servicio transcripci\u00f3n perfecta<\/h5>\n                                                                                                                <\/h5>\n                                                    <\/div>\n                                                <\/div>\n                                                <div class=\"small-12\">\n                                                    <div class=\"inner\">\n                                                                                                                    Llevo unos meses usando el servicio de transcripci\u00f3n perfecta &#8230;                                                                                                                <p><\/p>\n                                                        <span>Pablo Galan<\/span>\n                                                    <\/div>\n                                                <\/div>\n                                            <\/div>\n                                        <\/div>\n                                        \n                                        \n                                        <div class=\"carousel-cell\">\n                                            <div class=\"grid-x\">\n                                                <div class=\"small-12\">\n                                                    <div class=\"rate-image load\">\n                                                        <img decoding=\"async\" src=\"https:\/\/cdn.trustpilot.net\/brand-assets\/4.1.0\/stars\/stars-5.svg\" loading=\"lazy\" alt=\"Trustpilot\" class=\"load\">\n                                                    <\/div>\n                                                <\/div>\n                                                <div class=\"small-12\">\n                                                    <div class=\"inner\">\n                                                        \n                                                                                                                    <h5>Fiel al texto oral<\/h5>\n                                                                                                                <\/h5>\n                                                    <\/div>\n                                                <\/div>\n                                                <div class=\"small-12\">\n                                                    <div class=\"inner\">\n                                                                                                                    Para lo usuarios que usen Amberscript en castellano. La transcripci\u00f3&#8230;                                                                                                                <p><\/p>\n                                                        <span>Antonio Gonzalez<\/span>\n                                                    <\/div>\n                                                <\/div>\n                                            <\/div>\n                                        <\/div>\n                                        \n                                        \n                                        <div class=\"carousel-cell\">\n                                            <div class=\"grid-x\">\n                                                <div class=\"small-12\">\n                                                    <div class=\"rate-image load\">\n                                                        <img decoding=\"async\" src=\"https:\/\/cdn.trustpilot.net\/brand-assets\/4.1.0\/stars\/stars-5.svg\" loading=\"lazy\" alt=\"Trustpilot\" class=\"load\">\n                                                    <\/div>\n                                                <\/div>\n                                                <div class=\"small-12\">\n                                                    <div class=\"inner\">\n                                                        \n                                                                                                                    <h5>Jam\u00e1s hab\u00eda pensado que podr\u00eda ser tan\u2026<\/h5>\n                                                                                                                <\/h5>\n                                                    <\/div>\n                                                <\/div>\n                                                <div class=\"small-12\">\n                                                    <div class=\"inner\">\n                                                                                                                    Jam\u00e1s hab\u00eda pensado que podr\u00eda ser tan &#8230;                                                                                                                <p><\/p>\n                                                        <span>Sergio Rodriguez Velazsquez<\/span>\n                                                    <\/div>\n                                                <\/div>\n                                            <\/div>\n                                        <\/div>\n                                        \n                                                                                                                                                                                \n                                <\/div>\n                            <\/div>\n                        <\/div>\n\n                    <\/div>\n                <\/div>\n            <\/div>\n        <\/div>\n    <\/div>\n\n<\/div>\n\n<div class=\"block accordion\">\n\t<div class=\"grid-container\" itemscope itemtype=\"https:\/\/schema.org\/FAQPage\">\n        <div class=\"grid-x align-center grid-margin-x grid-margin-y\">\n            \n<div class=\"cell large-12 text-center\">\n  <div class=\"title-holder\">\n\n\n\n                    \n                                    <h2>Frequently Asked Questions<\/h2>\n                      <\/div>           \n<\/div>\n\n            \t\t\t\n                    <div class=\"cell large-12\">\n                    <ul class=\"accordion multiple\" data-accordion  data-allow-all-closed=\"true\" >\n                                            \n                                <li class=\"accordion-item\" data-accordion-item \n\t\t\t\t\t\t\t\t\t\t\t\t\t\t\t\t\t\titemscope itemprop=\"mainEntity\" itemtype=\"https:\/\/schema.org\/Question\"\n\t\t\t\t\t\t\t\t\t>\n                                    <a href=\"#\" class=\"accordion-title\" itemprop=\"name\">\n                                        \u00bfC\u00f3mo puedo generar subt\u00edtulos?                                        \n                                    <\/a>\n                                    <div class=\"accordion-content\" data-tab-content  itemscope itemprop=\"acceptedAnswer\" itemtype=\"https:\/\/schema.org\/Answer\">\n\t\t\t\t\t\t\t\t\t\t<div itemprop=\"text\">\n\t\t\t\t\t\t\t\t\t\t\t<!-- wp:paragraph -->\n<p>Puedes generar subt\u00edtulos autom\u00e1ticamente usando Amberscript. Nuestro software te permite exportar transcripciones basadas en archivos de audio \/ video como archivos SRT, EBU-STL o VTT, que podr\u00e1s insertar f\u00e1cilmente en un editor de video. \u00bfQuieres saber m\u00e1s? <a href=\"https:\/\/www.amberscript.com\/es\/blog\/como-crear-subtitulos\/\">Aqu\u00ed<\/a> hay una gu\u00eda paso a paso:<\/p>\n<!-- \/wp:paragraph -->\t\t\t\t\t\t\t\t\t\t<\/div>\n                                    <\/div>\n                                <\/li>\n                            \n                            \n                                <li class=\"accordion-item\" data-accordion-item \n\t\t\t\t\t\t\t\t\t\t\t\t\t\t\t\t\t\titemscope itemprop=\"mainEntity\" itemtype=\"https:\/\/schema.org\/Question\"\n\t\t\t\t\t\t\t\t\t>\n                                    <a href=\"#\" class=\"accordion-title\" itemprop=\"name\">\n                                        \u00bfPuedo grabar los subt\u00edtulos directamente en mi video?                                        \n                                    <\/a>\n                                    <div class=\"accordion-content\" data-tab-content  itemscope itemprop=\"acceptedAnswer\" itemtype=\"https:\/\/schema.org\/Answer\">\n\t\t\t\t\t\t\t\t\t\t<div itemprop=\"text\">\n\t\t\t\t\t\t\t\t\t\t\t<!-- wp:paragraph {\"translatedWithWPMLTM\":\"1\"} -->\n<p>Si has exportado la transcripci\u00f3n como un archivo SRT, EBU-STL o VTT, puedes grabarlos f\u00e1cilmente en tu video usando un software de edici\u00f3n de video.<\/p>\n<!-- \/wp:paragraph -->\t\t\t\t\t\t\t\t\t\t<\/div>\n                                    <\/div>\n                                <\/li>\n                            \n                            \n                                <li class=\"accordion-item\" data-accordion-item \n\t\t\t\t\t\t\t\t\t\t\t\t\t\t\t\t\t\titemscope itemprop=\"mainEntity\" itemtype=\"https:\/\/schema.org\/Question\"\n\t\t\t\t\t\t\t\t\t>\n                                    <a href=\"#\" class=\"accordion-title\" itemprop=\"name\">\n                                        \u00bfC\u00f3mo a\u00f1ado subt\u00edtulos a un video de Youtube?                                        \n                                    <\/a>\n                                    <div class=\"accordion-content\" data-tab-content  itemscope itemprop=\"acceptedAnswer\" itemtype=\"https:\/\/schema.org\/Answer\">\n\t\t\t\t\t\t\t\t\t\t<div itemprop=\"text\">\n\t\t\t\t\t\t\t\t\t\t\t<!-- wp:paragraph {\"translatedWithWPMLTM\":\"1\"} -->\n<p>Para a\u00f1adir subt\u00edtulos a tu video de Youtube, simplemente agrega el archivo que has creado usando Amberscript a tu video en Youtube Studio. Haz clic en \u00absubt\u00edtulos\u00bb, luego \u00abagregar\u00bb y finalmente \u00abcargar archivo\u00bb y selecciona el archivo SRT.<\/p>\n<!-- \/wp:paragraph -->\t\t\t\t\t\t\t\t\t\t<\/div>\n                                    <\/div>\n                                <\/li>\n                            \n                            \n                                <li class=\"accordion-item\" data-accordion-item \n\t\t\t\t\t\t\t\t\t\t\t\t\t\t\t\t\t\titemscope itemprop=\"mainEntity\" itemtype=\"https:\/\/schema.org\/Question\"\n\t\t\t\t\t\t\t\t\t>\n                                    <a href=\"#\" class=\"accordion-title\" itemprop=\"name\">\n                                        \u00bfA\u00f1ad\u00eds marcas de tiempo?                                        \n                                    <\/a>\n                                    <div class=\"accordion-content\" data-tab-content  itemscope itemprop=\"acceptedAnswer\" itemtype=\"https:\/\/schema.org\/Answer\">\n\t\t\t\t\t\t\t\t\t\t<div itemprop=\"text\">\n\t\t\t\t\t\t\t\t\t\t\t<!-- wp:paragraph {\"translatedWithWPMLTM\":\"1\"} -->\n<p>S\u00ed, las marcas de tiempo est\u00e1n incluidas en la transcripci\u00f3n. Puedes elegir exportar la transcripci\u00f3n con o sin marcas de tiempo.<\/p>\n<!-- \/wp:paragraph -->\t\t\t\t\t\t\t\t\t\t<\/div>\n                                    <\/div>\n                                <\/li>\n                            \n                            \n                                <li class=\"accordion-item\" data-accordion-item \n\t\t\t\t\t\t\t\t\t\t\t\t\t\t\t\t\t\titemscope itemprop=\"mainEntity\" itemtype=\"https:\/\/schema.org\/Question\"\n\t\t\t\t\t\t\t\t\t>\n                                    <a href=\"#\" class=\"accordion-title\" itemprop=\"name\">\n                                        \u00bfOfrec\u00e9is servicios en otros idiomas?                                        \n                                    <\/a>\n                                    <div class=\"accordion-content\" data-tab-content  itemscope itemprop=\"acceptedAnswer\" itemtype=\"https:\/\/schema.org\/Answer\">\n\t\t\t\t\t\t\t\t\t\t<div itemprop=\"text\">\n\t\t\t\t\t\t\t\t\t\t\t<!-- wp:paragraph -->\n<p>S\u00ed, lo hacemos. Nuestro software es compatible con <a href=\"https:\/\/www.amberscript.com\/es\/productos\/transcripcion-automatica\/\">39 idiomas<\/a> y podemos proporcionar subt\u00edtulos traducidos a trav\u00e9s de los servicios de subtitulado manual utilizando nuestra red de expertos en <a href=\"https:\/\/www.amberscript.com\/es\/productos\/subtitulos-manuales\/\">15 idiomas.<\/a> Los subt\u00edtulos traducidos pueden solicitarse a trav\u00e9s del proceso de carga. Si deseas solicitar un idioma que no forma parte de nuestra lista, ponte en <a href=\"https:\/\/www.amberscript.com\/es\/solicitar-un-presupuesto\/\">contacto con nosotros.<\/a><\/p>\n<!-- \/wp:paragraph -->\t\t\t\t\t\t\t\t\t\t<\/div>\n                                    <\/div>\n                                <\/li>\n                            \n                            \n                                <li class=\"accordion-item\" data-accordion-item \n\t\t\t\t\t\t\t\t\t\t\t\t\t\t\t\t\t\titemscope itemprop=\"mainEntity\" itemtype=\"https:\/\/schema.org\/Question\"\n\t\t\t\t\t\t\t\t\t>\n                                    <a href=\"#\" class=\"accordion-title\" itemprop=\"name\">\n                                        \u00bfC\u00f3mo solicito subt\u00edtulos traducidos?                                        \n                                    <\/a>\n                                    <div class=\"accordion-content\" data-tab-content  itemscope itemprop=\"acceptedAnswer\" itemtype=\"https:\/\/schema.org\/Answer\">\n\t\t\t\t\t\t\t\t\t\t<div itemprop=\"text\">\n\t\t\t\t\t\t\t\t\t\t\t<!-- wp:paragraph -->\n<p>Para pedir subt\u00edtulos traducidos, puedes subir tu archivo como lo har\u00edas normalmente. A continuaci\u00f3n, podr\u00e1s seleccionar la subtitulaci\u00f3n manual. Una vez que hayas hecho la selecci\u00f3n, aparecer\u00e1 una opci\u00f3n en la que podr\u00e1s elegir el idioma al que se deben traducir los subt\u00edtulos. Si el idioma que quieres no es una de las opciones, puedes ponerte en contacto con nosotros a trav\u00e9s de nuestro <a href=\"https:\/\/www.amberscript.com\/es\/solicitar-un-presupuesto\/\">formulario de contacto.<\/a><\/p>\n<!-- \/wp:paragraph -->\t\t\t\t\t\t\t\t\t\t<\/div>\n                                    <\/div>\n                                <\/li>\n                            \n                            \n                                                \n                                                <\/ul>\n                    <\/div>\n\n            \n            \n            \n        <\/div>\n    <\/div>\n<\/div>\n\n\n\n\n\n<p><strong>Why choose automatic recognition subtitles for French subtitles?<\/strong><\/p>\n\n\n\n<p>French is one of the most influential languages on the planet. It is spoken across all continents and holds importance in many diplomatic settings. So it makes sense that there is a thirst for French subtitles around the world.<\/p>\n\n\n\n<p>Firstly, French remains one of the most widely chosen second languages to learn, and research shows that watching videos with subtitles in the target language can help accelerate language learning.<\/p>\n\n\n\n<p>Secondly, French subtitles will allow you to reach a wider audience around the world whose first language may not be English.<\/p>\n\n\n\n<p>And by supplying subtitles in target languages, those that are hard of hearing, or in noisy spaces and cannot listen, will still be able to access your content. And accessibility is one of the KPI\u2019s in audience retention.<\/p>\n\n\n\n<p>Transcription is time-consuming, though. That\u2019s why we use AI technology to automatically detect speech and create subtitles that are easily editable before you export them.<\/p>\n","protected":false},"excerpt":{"rendered":"<p>Why choose automatic recognition subtitles for French subtitles? French is one of the most influential languages on the planet. It is spoken across all continents and holds importance in many diplomatic settings. So it makes sense that there is a thirst for French subtitles around the world. Firstly, French remains one of the most widely [&hellip;]<\/p>\n","protected":false},"author":70,"featured_media":0,"parent":0,"menu_order":0,"comment_status":"closed","ping_status":"closed","template":"","meta":{"_acf_changed":false,"inline_featured_image":false,"footnotes":""},"class_list":["post-49129","page","type-page","status-publish","hentry"],"acf":{"show_footer":true,"header_dark_mode":false},"_links":{"self":[{"href":"https:\/\/www.amberscript.com\/es\/wp-json\/wp\/v2\/pages\/49129","targetHints":{"allow":["GET"]}}],"collection":[{"href":"https:\/\/www.amberscript.com\/es\/wp-json\/wp\/v2\/pages"}],"about":[{"href":"https:\/\/www.amberscript.com\/es\/wp-json\/wp\/v2\/types\/page"}],"author":[{"embeddable":true,"href":"https:\/\/www.amberscript.com\/es\/wp-json\/wp\/v2\/users\/70"}],"replies":[{"embeddable":true,"href":"https:\/\/www.amberscript.com\/es\/wp-json\/wp\/v2\/comments?post=49129"}],"version-history":[{"count":0,"href":"https:\/\/www.amberscript.com\/es\/wp-json\/wp\/v2\/pages\/49129\/revisions"}],"wp:attachment":[{"href":"https:\/\/www.amberscript.com\/es\/wp-json\/wp\/v2\/media?parent=49129"}],"curies":[{"name":"wp","href":"https:\/\/api.w.org\/{rel}","templated":true}]}}