{"id":104767,"date":"2026-01-06T12:57:55","date_gmt":"2026-01-06T11:57:55","guid":{"rendered":"https:\/\/www.amberscript.com\/?page_id=104767"},"modified":"2026-01-06T14:13:35","modified_gmt":"2026-01-06T13:13:35","slug":"descargas","status":"publish","type":"page","link":"https:\/\/www.amberscript.com\/es\/descargas\/","title":{"rendered":"Downloads"},"content":{"rendered":"\n<as-overview\n\t\t\t\ttext=\"&lt;p&gt;Descargas&lt;\/p&gt;\n\"\n\t\t\t\tcontent-type-title=\"Tipo de contenido\"\n\t\t\t\tcontent-type=\"Case study\"\n\t\t\t\tempty-title=\"No se encontraron elementos\"\n\t\t\t\thas-content-types=\"1\"\n\t\t\t\tmax=\"15\"\n\t\t\t\tplaceholder=\"Quiero leer sobre...\"\n>\n    <h2><p>Descargas<\/p>\n<\/h2>\n\n    \t\t\t<as-category slot=\"content-types\" text=\"Case study\"><\/as-category>\n    \t\t\t<as-category slot=\"content-types\" text=\"Guideline\"><\/as-category>\n    \n    \n\t\t\t<as-overview-card\n\t\t\t\t\t\t\tslot=\"cards\"\n\t\t\t\t\t\t\ttext=\"C\u00f3mo el ICMPD cumple los plazos de comunicaci\u00f3n posteriores a las conferencias al transcribir entre 15 y 20 horas de grabaciones con Amberscript\"\n\t\t\t\t\t\t\turl=\"https:\/\/www.amberscript.com\/es\/amberscript-academy\/como-el-icmpd-cumple-los-plazos-de-comunicacion-posteriores-a-las-conferencias-al-transcribir-entre-15-y-20-horas-de-grabaciones-con-amberscript\/\"\n\t\t\t\t\t\t\ttarget=\"_self\"\n\t\t\t\t\t\t\tdate=\"23 Ene 2026\"\n              image=\"https:\/\/www.amberscript.com\/wp-content\/uploads\/2026\/01\/54871198605_cfec371d9c_k.jpg\"\t\t\t\t\t\t\talt=\"C\u00f3mo el ICMPD cumple los plazos de comunicaci\u00f3n posteriores a las conferencias al transcribir entre 15 y 20 horas de grabaciones con Amberscript\"\n\t\t\t\t\t\t\tcontent-types=\"Case study\"\n\t\t\t>\n\t\t\t\t\t<h5>C\u00f3mo el ICMPD cumple los plazos de comunicaci\u00f3n posteriores a las conferencias al transcribir entre 15 y 20 horas de grabaciones con Amberscript<\/h5>\n\t\t\t\t\t<img decoding=\"async\" src=\"https:\/\/www.amberscript.com\/wp-content\/uploads\/2026\/01\/54871198605_cfec371d9c_k.jpg\" alt=\"C\u00f3mo el ICMPD cumple los plazos de comunicaci\u00f3n posteriores a las conferencias al transcribir entre 15 y 20 horas de grabaciones con Amberscript\" \/>\n          \t\t\t\t\t\t<as-chip\n\t\t\t\t\t\t\t\t\t\tslot=\"li\"\n\t\t\t\t\t\t\t\t\t\ttext=\"Case study\"\n\t\t\t\t\t\t\t\t\t\ticon=\"Label\"\n\t\t\t\t\t\t><\/as-chip>\n          \t\t\t<\/as-overview-card>\n\n    \n\t\t\t<as-overview-card\n\t\t\t\t\t\t\tslot=\"cards\"\n\t\t\t\t\t\t\ttext=\"Definir los nuevos retos de seguridad que est\u00e1n por llegar\"\n\t\t\t\t\t\t\turl=\"https:\/\/www.amberscript.com\/es\/amberscript-academy\/transcripcion-manual-universitat-barcelona\/\"\n\t\t\t\t\t\t\ttarget=\"_self\"\n\t\t\t\t\t\t\tdate=\"21 Jul 2021\"\n              image=\"https:\/\/www.amberscript.com\/wp-content\/uploads\/2024\/11\/Success-Story-Header.png\"\t\t\t\t\t\t\talt=\"Definir los nuevos retos de seguridad que est\u00e1n por llegar\"\n\t\t\t\t\t\t\tcontent-types=\"Case study\"\n\t\t\t>\n\t\t\t\t\t<h5>Definir los nuevos retos de seguridad que est\u00e1n por llegar<\/h5>\n\t\t\t\t\t<img decoding=\"async\" src=\"https:\/\/www.amberscript.com\/wp-content\/uploads\/2024\/11\/Success-Story-Header.png\" alt=\"Definir los nuevos retos de seguridad que est\u00e1n por llegar\" \/>\n          \t\t\t\t\t\t<as-chip\n\t\t\t\t\t\t\t\t\t\tslot=\"li\"\n\t\t\t\t\t\t\t\t\t\ttext=\"Case study\"\n\t\t\t\t\t\t\t\t\t\ticon=\"Label\"\n\t\t\t\t\t\t><\/as-chip>\n          \t\t\t<\/as-overview-card>\n\n    \n\t\t\t<as-overview-card\n\t\t\t\t\t\t\tslot=\"cards\"\n\t\t\t\t\t\t\ttext=\"\u00bfC\u00f3mo se activa el corrector ortogr\u00e1fico al editar las transcripciones online?\"\n\t\t\t\t\t\t\turl=\"https:\/\/www.amberscript.com\/es\/amberscript-academy\/activar-corrector-ortografico-google\/\"\n\t\t\t\t\t\t\ttarget=\"_self\"\n\t\t\t\t\t\t\tdate=\"29 Jun 2021\"\n              image=\"https:\/\/www.amberscript.com\/wp-content\/uploads\/2021\/06\/Amberscript-academy-Featured-Images-3.png\"\t\t\t\t\t\t\talt=\"\u00bfC\u00f3mo se activa el corrector ortogr\u00e1fico al editar las transcripciones online?\"\n\t\t\t\t\t\t\tcontent-types=\"Guideline\"\n\t\t\t>\n\t\t\t\t\t<h5>\u00bfC\u00f3mo se activa el corrector ortogr\u00e1fico al editar las transcripciones online?<\/h5>\n\t\t\t\t\t<img decoding=\"async\" src=\"https:\/\/www.amberscript.com\/wp-content\/uploads\/2021\/06\/Amberscript-academy-Featured-Images-3.png\" alt=\"\u00bfC\u00f3mo se activa el corrector ortogr\u00e1fico al editar las transcripciones online?\" \/>\n          \t\t\t\t\t\t<as-chip\n\t\t\t\t\t\t\t\t\t\tslot=\"li\"\n\t\t\t\t\t\t\t\t\t\ttext=\"Guideline\"\n\t\t\t\t\t\t\t\t\t\ticon=\"Label\"\n\t\t\t\t\t\t><\/as-chip>\n          \t\t\t<\/as-overview-card>\n\n    <\/as-overview>\n\n\n\n<as-top-reads text=\"&lt;p&gt;M\u00e1s le\u00eddos&lt;\/p&gt;\n\">\n    <h2><p>M\u00e1s le\u00eddos<\/p>\n<\/h2>\n    \n<!-- DEBUG INFO -->\n<!-- 92088 -->\n\n\t\t\t<as-overview-card\n\t\t\t\t\t\t\tslot=\"cards\"\n\t\t\t\t\t\t\ttext=\"\u00bfPuedo reproducir un archivo VTT en mi iPhone?\"\n\t\t\t\t\t\t\tdate=\"5 Sep 2023\"\n              image=\"https:\/\/www.amberscript.com\/wp-content\/uploads\/2023\/07\/new-images-9.png\"\t\t\t\t\t\t\talt=\"\u00bfPuedo reproducir un archivo VTT en mi iPhone?\"\n\t\t\t\t\t\t\turl=\"https:\/\/www.amberscript.com\/es\/blog\/play-a-vtt-file-on-my-iphone\/\"\n\t\t\t\t\t\t\ttarget=\"_self\"\n\t\t\t\t\t\t\tcategories=\"\"\n\t\t\t>\n\t\t\t\t<h5>\u00bfPuedo reproducir un archivo VTT en mi iPhone?<\/h5>\n\t\t\t\t\t\t\t\t\t<img decoding=\"async\" src=\"https:\/\/www.amberscript.com\/wp-content\/uploads\/2023\/07\/new-images-9.png\" alt=\"\u00bfPuedo reproducir un archivo VTT en mi iPhone?\" \/>\n\t\t\t\t          \t\t\t<\/as-overview-card>\n\n    \n<!-- DEBUG INFO -->\n<!-- 93260 -->\n\n\t\t\t<as-overview-card\n\t\t\t\t\t\t\tslot=\"cards\"\n\t\t\t\t\t\t\ttext=\"C\u00f3mo la transcripci\u00f3n puede ayudar a resolver problemas jur\u00eddicos\"\n\t\t\t\t\t\t\tdate=\"26 Jun 2023\"\n              image=\"https:\/\/www.amberscript.com\/wp-content\/uploads\/2023\/06\/new-images-8-1.png\"\t\t\t\t\t\t\talt=\"C\u00f3mo la transcripci\u00f3n puede ayudar a resolver problemas jur\u00eddicos\"\n\t\t\t\t\t\t\turl=\"https:\/\/www.amberscript.com\/es\/blog\/transcripcion-para-problemas-juridicos\/\"\n\t\t\t\t\t\t\ttarget=\"_self\"\n\t\t\t\t\t\t\tcategories=\"Transcripci\u00f3n Autom\u00e1tica;Transcripci\u00f3n Manual\"\n\t\t\t>\n\t\t\t\t<h5>C\u00f3mo la transcripci\u00f3n puede ayudar a resolver problemas jur\u00eddicos<\/h5>\n\t\t\t\t\t\t\t\t\t<img decoding=\"async\" src=\"https:\/\/www.amberscript.com\/wp-content\/uploads\/2023\/06\/new-images-8-1.png\" alt=\"C\u00f3mo la transcripci\u00f3n puede ayudar a resolver problemas jur\u00eddicos\" \/>\n\t\t\t\t          \t\t\t<\/as-overview-card>\n\n    \n<!-- DEBUG INFO -->\n<!-- 95460 -->\n\n\t\t\t<as-overview-card\n\t\t\t\t\t\t\tslot=\"cards\"\n\t\t\t\t\t\t\ttext=\"Gu\u00eda paso a paso para doblar una pel\u00edcula a otro idioma\"\n\t\t\t\t\t\t\tdate=\"23 Jun 2023\"\n              image=\"https:\/\/www.amberscript.com\/wp-content\/uploads\/2023\/06\/dubbing-movie-in-another-language.png\"\t\t\t\t\t\t\talt=\"Gu\u00eda paso a paso para doblar una pel\u00edcula a otro idioma\"\n\t\t\t\t\t\t\turl=\"https:\/\/www.amberscript.com\/es\/blog\/guia-para-doblar-una-pelicula\/\"\n\t\t\t\t\t\t\ttarget=\"_self\"\n\t\t\t\t\t\t\tcategories=\"\"\n\t\t\t>\n\t\t\t\t<h5>Gu\u00eda paso a paso para doblar una pel\u00edcula a otro idioma<\/h5>\n\t\t\t\t\t\t\t\t\t<img decoding=\"async\" src=\"https:\/\/www.amberscript.com\/wp-content\/uploads\/2023\/06\/dubbing-movie-in-another-language.png\" alt=\"Gu\u00eda paso a paso para doblar una pel\u00edcula a otro idioma\" \/>\n\t\t\t\t          \t\t\t<\/as-overview-card>\n\n    <\/as-top-reads>","protected":false},"excerpt":{"rendered":"","protected":false},"author":70,"featured_media":0,"parent":0,"menu_order":0,"comment_status":"closed","ping_status":"closed","template":"page-redesign.php","meta":{"_acf_changed":true,"inline_featured_image":false,"footnotes":""},"class_list":["post-104767","page","type-page","status-publish","hentry"],"acf":{"show_footer":true,"header_dark_mode":false},"_links":{"self":[{"href":"https:\/\/www.amberscript.com\/es\/wp-json\/wp\/v2\/pages\/104767","targetHints":{"allow":["GET"]}}],"collection":[{"href":"https:\/\/www.amberscript.com\/es\/wp-json\/wp\/v2\/pages"}],"about":[{"href":"https:\/\/www.amberscript.com\/es\/wp-json\/wp\/v2\/types\/page"}],"author":[{"embeddable":true,"href":"https:\/\/www.amberscript.com\/es\/wp-json\/wp\/v2\/users\/70"}],"replies":[{"embeddable":true,"href":"https:\/\/www.amberscript.com\/es\/wp-json\/wp\/v2\/comments?post=104767"}],"version-history":[{"count":0,"href":"https:\/\/www.amberscript.com\/es\/wp-json\/wp\/v2\/pages\/104767\/revisions"}],"wp:attachment":[{"href":"https:\/\/www.amberscript.com\/es\/wp-json\/wp\/v2\/media?parent=104767"}],"curies":[{"name":"wp","href":"https:\/\/api.w.org\/{rel}","templated":true}]}}